{"id":174,"date":"2020-01-30T09:28:53","date_gmt":"2020-01-30T09:28:53","guid":{"rendered":"https:\/\/demosites.io\/architecture-gb\/?page_id=174"},"modified":"2021-06-10T21:02:41","modified_gmt":"2021-06-10T19:02:41","slug":"d41d8-homepage","status":"publish","type":"page","link":"http:\/\/tupaginaweb.hol.es\/comunidad\/","title":{"rendered":"app web"},"content":{"rendered":"\n<p><\/p>\n\n\n\n<p><\/p>\n\n\n\n<p><\/p>\n\n\n\n<div class=\"wp-block-themeisle-blocks-advanced-columns alignfull has-3-columns has-desktop-equal-layout has-tablet-equal-layout has-mobile-collapsedRows-layout has-default-gap has-vertical-unset animated slideInUp\" id=\"wp-block-themeisle-blocks-advanced-columns-57c6256c\"><div class=\"wp-block-themeisle-blocks-advanced-columns-overlay\"><\/div><div class=\"innerblocks-wrap\">\n<div class=\"wp-block-themeisle-blocks-advanced-column\" id=\"wp-block-themeisle-blocks-advanced-column-521d3d3e\"><\/div>\n\n\n\n<div class=\"wp-block-themeisle-blocks-advanced-column\" id=\"wp-block-themeisle-blocks-advanced-column-f3d60ad9\">\n<h4 id=\"wp-block-themeisle-blocks-advanced-heading-2c1fdefa\" class=\"wp-block-themeisle-blocks-advanced-heading wp-block-themeisle-blocks-advanced-heading-2c1fdefa\">UN PROYECTO DE <a href=\"https:\/\/nocturnaweb.es\/contacto-nocturna-web\/\">NOCTURNAWEB.ES<\/a><\/h4>\n\n\n\n<h1 id=\"wp-block-themeisle-blocks-advanced-heading-f076fbfc\" class=\"wp-block-themeisle-blocks-advanced-heading wp-block-themeisle-blocks-advanced-heading-f076fbfc\"><strong>COMUNIDAD DE PROPIETARIOS<\/strong><\/h1>\n\n\n\n<p class=\"has-text-align-center has-white-color has-text-color\" style=\"font-size:22px\"><strong>APP WEB<\/strong> para <strong>Administradores de Fincas<\/strong><\/p>\n\n\n\n<div id=\"wp-block-themeisle-blocks-button-group-96f88462\" class=\"wp-block-themeisle-blocks-button-group wp-block-buttons align-center\">\n<div id=\"wp-block-themeisle-blocks-button-be0ff5ec\" class=\"wp-block-themeisle-blocks-button wp-block-button\"><a href=\"mailto:laura@nocturnaweb.es\" target=\"_blank\" rel=\"noopener noreferrer\" class=\"wp-block-button__link\"><span>solicitar prueba gratis<\/span><\/a><\/div>\n<\/div>\n<\/div>\n\n\n\n<div class=\"wp-block-themeisle-blocks-advanced-column\" id=\"wp-block-themeisle-blocks-advanced-column-f37c39f6\"><\/div>\n<\/div><div class=\"wp-block-themeisle-blocks-advanced-columns-separators bottom\"><svg id=\"bigTriangle\" fill=\"#ffffff\" viewbox=\"0 0 100 100\" width=\"100%\" height=\"100\" preserveaspectratio=\"none\" xmlns=\"http:\/\/www.w3.org\/2000\/svg\" class=\"\"><path d=\"M100, 0l-50, 100l-50, -100l0, 100l100, 0l0, -100Z\"><\/path><\/svg><\/div><\/div>\n\n\n\n<div class=\"wp-block-themeisle-blocks-advanced-columns has-3-columns has-desktop-equal-layout has-tablet-equal-layout has-mobile-collapsedRows-layout has-default-gap has-vertical-unset\" id=\"wp-block-themeisle-blocks-advanced-columns-f0b7f5b1\"><div class=\"wp-block-themeisle-blocks-advanced-columns-overlay\"><\/div><div class=\"innerblocks-wrap\">\n<div class=\"wp-block-themeisle-blocks-advanced-column\" id=\"wp-block-themeisle-blocks-advanced-column-5fb81138\">\n<div class=\"wp-block-themeisle-blocks-service\">\n<p class=\"wp-block-themeisle-blocks-font-awesome-icons\" id=\"wp-block-themeisle-blocks-font-awesome-icons-e8296da4\"><span class=\"wp-block-themeisle-blocks-font-awesome-icons-container\"><i class=\"fas fa-swatchbook\"><\/i><\/span><\/p>\n\n\n\n<h3 id=\"wp-block-themeisle-blocks-advanced-heading-d577c3c3\" class=\"wp-block-themeisle-blocks-advanced-heading wp-block-themeisle-blocks-advanced-heading-d577c3c3\"> GRUPO PRIVADO PARA CADA COMUNIDAD DE VECINOS<\/h3>\n<\/div>\n<\/div>\n\n\n\n<div class=\"wp-block-themeisle-blocks-advanced-column\" id=\"wp-block-themeisle-blocks-advanced-column-f6a7c594\">\n<p class=\"wp-block-themeisle-blocks-font-awesome-icons\" id=\"wp-block-themeisle-blocks-font-awesome-icons-f541aaa7\"><span class=\"wp-block-themeisle-blocks-font-awesome-icons-container\"><i class=\"fas fa-book-reader\"><\/i><\/span><\/p>\n\n\n\n<h3 id=\"wp-block-themeisle-blocks-advanced-heading-3e816249\" class=\"wp-block-themeisle-blocks-advanced-heading wp-block-themeisle-blocks-advanced-heading-3e816249\">  FORO PRIVADO PARA CADA GRUPO PRIVADO DE COMUNIDAD<\/h3>\n<\/div>\n\n\n\n<div class=\"wp-block-themeisle-blocks-advanced-column\" id=\"wp-block-themeisle-blocks-advanced-column-d3088378\">\n<p class=\"wp-block-themeisle-blocks-font-awesome-icons\" id=\"wp-block-themeisle-blocks-font-awesome-icons-e4687978\"><span class=\"wp-block-themeisle-blocks-font-awesome-icons-container\"><i class=\"far fa-building\"><\/i><\/span><\/p>\n\n\n\n<h3 id=\"wp-block-themeisle-blocks-advanced-heading-b532ab35\" class=\"wp-block-themeisle-blocks-advanced-heading wp-block-themeisle-blocks-advanced-heading-b532ab35\">RESERVA SALAS \/ EVENTOS PRIVADA PARA COMUNIDAD<\/h3>\n<\/div>\n<\/div><\/div>\n\n\n\n<div class=\"wp-block-themeisle-blocks-advanced-columns alignfull has-2-columns has-desktop-equal-layout has-tablet-equal-layout has-mobile-collapsedRows-layout has-default-gap has-vertical-unset\" id=\"wp-block-themeisle-blocks-advanced-columns-f25bf05b\"><div class=\"wp-block-themeisle-blocks-advanced-columns-overlay\"><\/div><div class=\"wp-block-themeisle-blocks-advanced-columns-separators top\"><svg id=\"bigTriangle\" fill=\"#ffffff\" viewbox=\"0 0 100 100\" width=\"100%\" height=\"100\" preserveaspectratio=\"none\" xmlns=\"http:\/\/www.w3.org\/2000\/svg\" class=\"rotate\"><path d=\"M100, 0l-50, 100l-50, -100l0, 100l100, 0l0, -100Z\"><\/path><\/svg><\/div><div class=\"innerblocks-wrap\">\n<div class=\"wp-block-themeisle-blocks-advanced-column\" id=\"wp-block-themeisle-blocks-advanced-column-98c113bd\">\n<h4 id=\"wp-block-themeisle-blocks-advanced-heading-456503b7\" class=\"wp-block-themeisle-blocks-advanced-heading wp-block-themeisle-blocks-advanced-heading-456503b7\">PARA ADMINISTRADORES<\/h4>\n\n\n\n<h2 class=\"has-white-color has-text-color wp-block-heading\">GESTIONA TUS COMUNIDADES<\/h2>\n\n\n\n<p class=\"has-white-color has-text-color\">Solicita informaci\u00f3n sin compromiso para obtener una cuenta Premium y gestionar todas las comunidades de vecinos de tu empresa de Administraci\u00f3n de Fincas.<\/p>\n\n\n\n<div id=\"wp-block-themeisle-blocks-button-group-9dd08bb6\" class=\"wp-block-themeisle-blocks-button-group wp-block-buttons align-center\">\n<div id=\"wp-block-themeisle-blocks-button-bbed5862\" class=\"wp-block-themeisle-blocks-button wp-block-button\"><a href=\"https:\/\/nocturnaweb.es\/contacto-nocturna-web\/\" target=\"_self\" rel=\"noopener noreferrer\" class=\"wp-block-button__link\"><span>Solicitar prueba gratuita<\/span><\/a><\/div>\n<\/div>\n<\/div>\n\n\n\n<div class=\"wp-block-themeisle-blocks-advanced-column\" id=\"wp-block-themeisle-blocks-advanced-column-0b7e4bec\">\n<figure class=\"wp-block-image size-large is-style-rounded\"><img loading=\"lazy\" decoding=\"async\" width=\"360\" height=\"360\" src=\"http:\/\/tupaginaweb.hol.es\/comunidad\/\/wp-content\/uploads\/2019\/07\/neve-architect-demo-13.jpg\" alt=\"\" class=\"wp-image-144\"\/><\/figure>\n<\/div>\n<\/div><\/div>\n\n\n\n<div class=\"wp-block-themeisle-blocks-advanced-columns has-1-columns has-desktop-equal-layout has-tablet-equal-layout has-mobile-equal-layout has-default-gap has-vertical-unset\" id=\"wp-block-themeisle-blocks-advanced-columns-4f91ae3b\"><div class=\"wp-block-themeisle-blocks-advanced-columns-overlay\"><\/div><div class=\"innerblocks-wrap\">\n<div class=\"wp-block-themeisle-blocks-advanced-column\" id=\"wp-block-themeisle-blocks-advanced-column-a02c8360\">\n<h4 id=\"wp-block-themeisle-blocks-advanced-heading-6ff43f88\" class=\"wp-block-themeisle-blocks-advanced-heading wp-block-themeisle-blocks-advanced-heading-6ff43f88\">PARTNERS<\/h4>\n\n\n\n<h2 id=\"wp-block-themeisle-blocks-advanced-heading-30681f2e\" class=\"wp-block-themeisle-blocks-advanced-heading wp-block-themeisle-blocks-advanced-heading-30681f2e\">NUESTROS CLIENTES<\/h2>\n<\/div>\n<\/div><\/div>\n\n\n\n<div class=\"wp-block-themeisle-blocks-advanced-columns has-4-columns has-desktop-equal-layout has-tablet-equal-layout has-mobile-collapsedRows-layout has-default-gap has-vertical-unset\" id=\"wp-block-themeisle-blocks-advanced-columns-f347da09\"><div class=\"wp-block-themeisle-blocks-advanced-columns-overlay\"><\/div><div class=\"innerblocks-wrap\">\n<div class=\"wp-block-themeisle-blocks-advanced-column\" id=\"wp-block-themeisle-blocks-advanced-column-39d80182\">\n<p class=\"wp-block-themeisle-blocks-font-awesome-icons\" id=\"wp-block-themeisle-blocks-font-awesome-icons-98240d69\"><span class=\"wp-block-themeisle-blocks-font-awesome-icons-container\"><a href=\"https:\/\/demosites.io\/architecture-gb\/#\" target=\"_self\" rel=\"noopener noreferrer\"><i class=\"fab fa-ups\"><\/i><\/a><\/span><\/p>\n<\/div>\n\n\n\n<div class=\"wp-block-themeisle-blocks-advanced-column\" id=\"wp-block-themeisle-blocks-advanced-column-3662bf52\">\n<p class=\"wp-block-themeisle-blocks-font-awesome-icons\" id=\"wp-block-themeisle-blocks-font-awesome-icons-3c69d623\"><span class=\"wp-block-themeisle-blocks-font-awesome-icons-container\"><a href=\"https:\/\/demosites.io\/architecture-gb\/#\" target=\"_self\" rel=\"noopener noreferrer\"><i class=\"fab fa-staylinked\"><\/i><\/a><\/span><\/p>\n<\/div>\n\n\n\n<div class=\"wp-block-themeisle-blocks-advanced-column\" id=\"wp-block-themeisle-blocks-advanced-column-639edbf9\">\n<p class=\"wp-block-themeisle-blocks-font-awesome-icons\" id=\"wp-block-themeisle-blocks-font-awesome-icons-500e9ffe\"><span class=\"wp-block-themeisle-blocks-font-awesome-icons-container\"><a href=\"https:\/\/demosites.io\/architecture-gb\/#\" target=\"_self\" rel=\"noopener noreferrer\"><i class=\"fab fa-schlix\"><\/i><\/a><\/span><\/p>\n<\/div>\n\n\n\n<div class=\"wp-block-themeisle-blocks-advanced-column\" id=\"wp-block-themeisle-blocks-advanced-column-0b59fc0c\">\n<p class=\"wp-block-themeisle-blocks-font-awesome-icons\" id=\"wp-block-themeisle-blocks-font-awesome-icons-ff45a7ad\"><span class=\"wp-block-themeisle-blocks-font-awesome-icons-container\"><a href=\"https:\/\/demosites.io\/architecture-gb\/#\" target=\"_self\" rel=\"noopener noreferrer\"><i class=\"fab fa-pied-piper-pp\"><\/i><\/a><\/span><\/p>\n<\/div>\n<\/div><\/div>\n\n\n\n<div class=\"wp-block-themeisle-blocks-advanced-columns alignfull has-2-columns has-desktop-equal-layout has-tablet-equal-layout has-mobile-collapsedRows-layout has-default-gap has-vertical-unset animated slideInUp delay-2s\" id=\"wp-block-themeisle-blocks-advanced-columns-e4214446\"><div class=\"wp-block-themeisle-blocks-advanced-columns-overlay\"><\/div><div class=\"wp-block-themeisle-blocks-advanced-columns-separators top\"><svg id=\"bigTriangle\" fill=\"#ffffff\" viewbox=\"0 0 100 100\" width=\"100%\" height=\"100\" preserveaspectratio=\"none\" xmlns=\"http:\/\/www.w3.org\/2000\/svg\" class=\"rotate\"><path d=\"M100, 0l-50, 100l-50, -100l0, 100l100, 0l0, -100Z\"><\/path><\/svg><\/div><div class=\"innerblocks-wrap\">\n<div class=\"wp-block-themeisle-blocks-advanced-column\" id=\"wp-block-themeisle-blocks-advanced-column-5fe293c9\">\n<h4 id=\"wp-block-themeisle-blocks-advanced-heading-1c1bcb8f\" class=\"wp-block-themeisle-blocks-advanced-heading wp-block-themeisle-blocks-advanced-heading-1c1bcb8f\">PLANNING<\/h4>\n\n\n\n<h2 class=\"has-white-color has-text-color wp-block-heading\">panel propio<\/h2>\n\n\n\n<div style=\"height:20px\" aria-hidden=\"true\" class=\"wp-block-spacer\"><\/div>\n\n\n\n<p class=\"has-white-color has-text-color\">El panel incluye :<\/p>\n\n\n\n<p class=\"has-white-color has-text-color\">GRUPO PRIVADO POR CADA COMUNIDAD<br>y cada grupo incluye:<\/p>\n\n\n\n<div id=\"wp-block-themeisle-blocks-button-group-9b6e1410\" class=\"wp-block-themeisle-blocks-button-group wp-block-buttons align-left\">\n<div id=\"wp-block-themeisle-blocks-button-124fb74c\" class=\"wp-block-themeisle-blocks-button wp-block-button\"><a target=\"_self\" rel=\"noopener noreferrer\" class=\"wp-block-button__link\"><span><code>SOLICITA PRUEBA GRATUITA<\/code><\/span><\/a><\/div>\n<\/div>\n\n\n\n<p><\/p>\n\n\n\n<div style=\"height:20px\" aria-hidden=\"true\" class=\"wp-block-spacer\"><\/div>\n<\/div>\n\n\n\n<section class=\"wp-block-themeisle-blocks-advanced-column\" id=\"wp-block-themeisle-blocks-advanced-column-0186f9ab\">\n<p class=\"has-white-color has-text-color\">Foro Privado.<br><br>Gesti\u00f3n de eventos para reserva de salas o pistas en cada comunidad.<br><br>Reuniones Online con enlace a tu cuenta Zoom u otros.<br><br>Gesti\u00f3n de im\u00e1genes y documentos.<br><br>Avisos de Juntas para todos los usuarios.<br><br>Inscripci\u00f3n de perfil con cuenta propia por vivienda.<\/p>\n<\/section>\n<\/div><\/div>\n\n\n\n<div class=\"wp-block-themeisle-blocks-advanced-columns has-2-columns has-desktop-equal-layout has-tablet-equal-layout has-mobile-collapsedRows-layout has-default-gap has-vertical-unset\" id=\"wp-block-themeisle-blocks-advanced-columns-58d0513b\"><div class=\"wp-block-themeisle-blocks-advanced-columns-overlay\"><\/div><div class=\"innerblocks-wrap\">\n<div class=\"wp-block-themeisle-blocks-advanced-column\" id=\"wp-block-themeisle-blocks-advanced-column-dfac3ff5\">\n<figure class=\"wp-block-image size-large\"><img loading=\"lazy\" decoding=\"async\" width=\"600\" height=\"600\" src=\"http:\/\/tupaginaweb.hol.es\/comunidad\/\/wp-content\/uploads\/2019\/07\/neve-architect-demo-12.jpg\" alt=\"\" class=\"wp-image-143\"\/><\/figure>\n<\/div>\n\n\n\n<div class=\"wp-block-themeisle-blocks-advanced-column\" id=\"wp-block-themeisle-blocks-advanced-column-9c123ca3\">\n<h2 class=\"has-text-color-color has-text-color wp-block-heading\">prueba nuestra aplicaci\u00f3n gratis<\/h2>\n\n\n\n<p class=\"has-text-color-color has-text-color\">Recuerda que podr\u00e1s probar gratuitamente nuestra aplicaci\u00f3n, que recibir\u00e1s un manual de usuario, tanto para t\u00ed como administrador de Fincas como para el usuario de Propietario.<\/p>\n\n\n\n<p>El acceso a cada grupo\/comunidad ser\u00e1 privado y adem\u00e1s podr\u00e1n ellos mismos darse de alta, tras tu aprobaci\u00f3n dispondr\u00e1n de la entrada a su grupo correspondiente.<\/p>\n<\/div>\n<\/div><\/div>\n\n\n\n<div class=\"wp-block-themeisle-blocks-advanced-columns has-1-columns has-desktop-equal-layout has-tablet-equal-layout has-mobile-equal-layout has-default-gap has-vertical-unset\" id=\"wp-block-themeisle-blocks-advanced-columns-3de45bb0\"><div class=\"wp-block-themeisle-blocks-advanced-columns-overlay\"><\/div><div class=\"innerblocks-wrap\">\n<div class=\"wp-block-themeisle-blocks-advanced-column\" id=\"wp-block-themeisle-blocks-advanced-column-cb694e00\">\n<h4 id=\"wp-block-themeisle-blocks-advanced-heading-815a32af\" class=\"wp-block-themeisle-blocks-advanced-heading wp-block-themeisle-blocks-advanced-heading-815a32af\">ABOUT US<\/h4>\n\n\n\n<h2 id=\"wp-block-themeisle-blocks-advanced-heading-684790ba\" class=\"wp-block-themeisle-blocks-advanced-heading wp-block-themeisle-blocks-advanced-heading-684790ba\">NOSOTR@S<\/h2>\n<\/div>\n<\/div><\/div>\n\n\n\n<section class=\"wp-block-themeisle-blocks-advanced-columns alignfull has-1-columns has-desktop-equal-layout has-tablet-equal-layout has-mobile-equal-layout has-nogap-gap has-vertical-unset ticss-15377e8c\" id=\"wp-block-themeisle-blocks-advanced-columns-e6828e85\"><div class=\"wp-block-themeisle-blocks-advanced-columns-overlay\"><\/div><div class=\"wp-block-themeisle-blocks-advanced-columns-separators top\"><svg id=\"bigTriangle\" fill=\"#ffffff\" viewbox=\"0 0 100 100\" width=\"100%\" height=\"100\" preserveaspectratio=\"none\" xmlns=\"http:\/\/www.w3.org\/2000\/svg\" class=\"rotate\"><path d=\"M100, 0l-50, 100l-50, -100l0, 100l100, 0l0, -100Z\"><\/path><\/svg><\/div><div class=\"innerblocks-wrap\">\n<div class=\"wp-block-themeisle-blocks-advanced-column\" id=\"wp-block-themeisle-blocks-advanced-column-b801aa34\">\n<h2 class=\"has-white-color has-text-color wp-block-heading\" id=\"contacto\">CONTACto<\/h2>\n\n\n\n<h3 class=\"has-white-color has-text-color wp-block-heading\">solicita prueba gratis hoy!<\/h3>\n\n\n\n<p class=\"has-white-color has-text-color\">Como empresa administraci\u00f3n de Fincas puedes optar a una prueba gratuita de nuestra sencilla App web para la gesti\u00f3n de Comunidades de propietarios.&nbsp;<\/p>\n\n\n\n<h3 class=\"has-white-color has-text-color wp-block-heading\"><a href=\"mailto:laura@nocturnaweb.es\">laura@nocturnaweb.es<\/a><\/h3>\n<\/div>\n<\/div><\/section>\n","protected":false},"excerpt":{"rendered":"","protected":false},"author":1,"featured_media":0,"parent":0,"menu_order":0,"comment_status":"closed","ping_status":"closed","template":"page-templates\/template-pagebuilder-full-width.php","meta":{"_bbp_topic_count":0,"_bbp_reply_count":0,"_bbp_total_topic_count":0,"_bbp_total_reply_count":0,"_bbp_voice_count":0,"_bbp_anonymous_reply_count":0,"_bbp_topic_count_hidden":0,"_bbp_reply_count_hidden":0,"_bbp_forum_subforum_count":0,"neve_meta_sidebar":"full-width","neve_meta_container":"default","neve_meta_enable_content_width":"on","neve_meta_content_width":100,"neve_meta_title_alignment":"","neve_meta_author_avatar":"","neve_post_elements_order":"","neve_meta_disable_header":"","neve_meta_disable_footer":"","neve_meta_disable_title":"","_themeisle_gutenberg_block_has_review":false,"footnotes":""},"class_list":["post-174","page","type-page","status-publish","hentry"],"_links":{"self":[{"href":"http:\/\/tupaginaweb.hol.es\/comunidad\/wp-json\/wp\/v2\/pages\/174","targetHints":{"allow":["GET"]}}],"collection":[{"href":"http:\/\/tupaginaweb.hol.es\/comunidad\/wp-json\/wp\/v2\/pages"}],"about":[{"href":"http:\/\/tupaginaweb.hol.es\/comunidad\/wp-json\/wp\/v2\/types\/page"}],"author":[{"embeddable":true,"href":"http:\/\/tupaginaweb.hol.es\/comunidad\/wp-json\/wp\/v2\/users\/1"}],"replies":[{"embeddable":true,"href":"http:\/\/tupaginaweb.hol.es\/comunidad\/wp-json\/wp\/v2\/comments?post=174"}],"version-history":[{"count":5,"href":"http:\/\/tupaginaweb.hol.es\/comunidad\/wp-json\/wp\/v2\/pages\/174\/revisions"}],"predecessor-version":[{"id":423,"href":"http:\/\/tupaginaweb.hol.es\/comunidad\/wp-json\/wp\/v2\/pages\/174\/revisions\/423"}],"wp:attachment":[{"href":"http:\/\/tupaginaweb.hol.es\/comunidad\/wp-json\/wp\/v2\/media?parent=174"}],"curies":[{"name":"wp","href":"https:\/\/api.w.org\/{rel}","templated":true}]}}